{"id":11,"date":"2019-06-26T14:13:34","date_gmt":"2019-06-26T11:13:34","guid":{"rendered":"http:\/\/oyund.com\/testga\/?page_id=11"},"modified":"2019-09-16T13:50:14","modified_gmt":"2019-09-16T10:50:14","slug":"about","status":"publish","type":"page","link":"https:\/\/gokcenatmaca.com\/en\/about\/","title":{"rendered":"About Us"},"content":{"rendered":"<section class=\"wpb_row vc_row-fluid side-bg no-padding vc_custom_1474447060420 vc_row-has-fill no-padding\"><div class=\"row\"><div class=\"wpb_column vc_column_container vc_col-sm-12\"><div class=\"vc_column-inner\"><div class=\"wpb_wrapper\"  >\t<!-- Element: OT Quick Office -->\n\t<div class=\"side-bg\">\n\n\t\t<div class=\"image-container hidden-xs pull-left col-md-5\" style=\"background-image:url(https:\/\/gokcenatmaca.com\/wp-content\/uploads\/2019\/01\/H7A8232.jpg); ?>\" data-delay=\"0\"><\/div>\n\n\t\t<!-- Added this code in 26\/03\/2019 -->\n\t\t<img class=\"visible-xs img-responsive\" src=\"https:\/\/gokcenatmaca.com\/wp-content\/uploads\/2019\/01\/H7A8232.jpg\" \/>\n\n        <div class=\"container\">\n            <div class=\"row\">\n                <div class=\"inner-padding\">\n                    <div class=\"col-md-6 col-md-offset-6 wow fadeInRight\" data-wow-delay=\".2s\">\n                        <h2>Gokcen Atmaca At\u00f6lye Mimarl\u0131k<\/h2><br\/>\n                        Gokcen Atmaca is graduated from Bal\u0131kesir University Faculty of Engineering and Architecture. After\nworking in numerous 5-star hotels, business centers, thermal hotels, apart hotels and residential\narchitectural projects between 2007 and 2009, she founded Gokcen Atmaca Atolye Mimarl\u0131k in 2009\nin Antalya.<\/p>\n<p>Since 2009, Gokcen Atmaca At\u00f6lye Mimarl\u0131k has been carrying out projects at the following areas:<\/p>\n<p>- Architectural<br \/>\n- Interior Design<br \/>\n- Turnkey Application<br \/>\n- Furniture Production<br \/>\n- 3D Visualization<br \/>\n- Project Management<\/p>\n<p>Our primary goal is to design modern places by creating ergonomic areas of use with contemporary\ndesigns. From the projecting stage to the end of the manufacturing process, time management and\nbudget are very important. For this reason, the budget is approved and the project is finalized in 3D\nvisualization stage in line with the materials to be used and the quantity survey. Thanks to a strong\nteam work, from the project stage to the end of production, every detail is determined beforehand.\nThere is nothing left to explain on the construction site.                    <\/div>\n                    <div class=\"clearfix\"><\/div>\n                <\/div>\n            <\/div>\n        <\/div>\n\t<\/div>\n\n\t<!-- Element: OT Quick Office 2 -->\n\t<div class=\"side-bg\">\n\t\t<div class=\"image-container pull-right right0 col-md-6 col-md-offset-6\" data-delay=\"0\">\n\t        <img src=\"https:\/\/gokcenatmaca.com\/wp-content\/uploads\/2019\/06\/H7A8257.jpg\" class=\"img-responsive wow slideInRight\" data-wow-duration=\"1.5s\">\n\t    <\/div>\n\n\t    <div class=\"container\">\n\t        <div class=\"row\">\n\t            <div class=\"inner-padding\">\n\t                <div class=\"col-md-5 wow fadeInLeft\" data-wow-delay=\".25s\">\n\t                    <h2>Gokcen Atmaca At\u00f6lye Mimarl\u0131k<\/h2>\n\t                    <strong>Our Mission<\/strong><br \/>\nTo carry out our services in project and contracting sector in a developing and self-renewing manner\nwith an approach in which functional solutions orient the design and details are not left to\ninterpretation in the application stage.<\/p>\n<p><strong>Our Vision<\/strong><br \/>\nTo be one of the pioneer and well-known companies in the project and contracting sector.<\/p>\n<p><strong>Our Values<\/strong><br \/>\nReliability<br \/>\nCreating an organization chain<br \/>\nCustomer satisfaction at the highest level<br \/>\nCreating original applicable projects, being aware of the professional responsibilities as an architect.\t                <\/div>\n\t                <div class=\"clearfix\"><\/div>\n\t            <\/div>\n\t        <\/div>\n\t    <\/div>\t\n\t<\/div>\n\t\n<\/div><\/div><\/div><\/div><\/section><section class=\"wpb_row vc_row-fluid bg-fixed vc_custom_1496379493276 vc_row-has-fill\"><div class=\"container\"><div class=\"row\"><div class=\"wpb_column vc_column_container vc_col-sm-12\"><div class=\"vc_column-inner\"><div class=\"wpb_wrapper wow fadeInUp\"  >\n\t<!-- Element: OT Heading --> \t \n\t<h1 class=\"ot_custom_heading\" style=\"text-align: center;color: #ffffff;\" >Customer Says<\/h1>\t\n\t<!-- Element: OT Line solid --> \t \n\t<div class=\"separator\"><span><i class=\"fa fa-circle\"><\/i><\/span><\/div>\n\t<div class=\"spacer-single\"><\/div>\t      \n<\/div><\/div><\/div><div class=\"wpb_column vc_column_container vc_col-sm-12\"><div class=\"vc_column-inner\"><div class=\"wpb_wrapper\"  >\t<!-- Element: OT Testimonial Silder -->\t\n\t<div class=\"testimonial__carousel de_carousel wow fadeInUp\" data-wow-delay=\".3s\" data-visible=\"2\" data-autoplay=\"false\" data-autoheight=\"false\" data-speed=\"200\" data-navspeed=\"800\" data-rewinspeed=\"1000\">\n\t    <\/div>\n\n<\/div><\/div><\/div><\/div><\/div><\/section><section class=\"wpb_row vc_row-fluid call-to-action bg-color text-center vc_custom_1442204650520 no-padding\"><div class=\"row\"><div class=\"wpb_column vc_column_container vc_col-sm-12\"><div class=\"vc_column-inner\"><div class=\"wpb_wrapper\"  >\t\t\t\n\t<!-- Element: OT Button --> \n\t\t\t<a href=\"\/en\/iletisim\/\" target=\"_self\" class=\"btn btn-line-black btn-big\">Contact Us<\/a>\n\t    \n<\/div><\/div><\/div><\/div><\/section>","protected":false},"excerpt":{"rendered":"G\u00f6k\u00e7en Atmaca At\u00f6lye Mimarl\u0131k 2007 y\u0131l\u0131nda Bal\u0131kesir \u00dcniversitesi M\u00fchendislik ve Mimarl\u0131k Fak\u00fcltesi Mimarl\u0131k b\u00f6l\u00fcm\u00fcnden mezun olan G\u00fcls\u00fcm G\u00f6k\u00e7en Atmaca; 2007-2009 y\u0131llar\u0131 aras\u0131nda \u00e7ok say\u0131da 5 y\u0131ld\u0131zl\u0131 otel, i\u015f merkezi, termal otel, apart otel, konut mimari projelerinde g\u00f6rev ald\u0131ktan sonra, 2009 y\u0131l\u0131nda Antalya 'da G\u00f6k\u00e7en Atmaca At\u00f6lye Mimarl\u0131k'\u0131 kurmu\u015ftur. G\u00f6k\u00e7en Atmaca At\u00f6lye Mimarl\u0131k, kuruldu\u011fu 2009 y\u0131l\u0131ndan [...]","protected":false},"author":1,"featured_media":0,"parent":0,"menu_order":0,"comment_status":"closed","ping_status":"closed","template":"page-templates\/template-fullwidth.php","meta":[],"_links":{"self":[{"href":"https:\/\/gokcenatmaca.com\/en\/wp-json\/wp\/v2\/pages\/11"}],"collection":[{"href":"https:\/\/gokcenatmaca.com\/en\/wp-json\/wp\/v2\/pages"}],"about":[{"href":"https:\/\/gokcenatmaca.com\/en\/wp-json\/wp\/v2\/types\/page"}],"author":[{"embeddable":true,"href":"https:\/\/gokcenatmaca.com\/en\/wp-json\/wp\/v2\/users\/1"}],"replies":[{"embeddable":true,"href":"https:\/\/gokcenatmaca.com\/en\/wp-json\/wp\/v2\/comments?post=11"}],"version-history":[{"count":11,"href":"https:\/\/gokcenatmaca.com\/en\/wp-json\/wp\/v2\/pages\/11\/revisions"}],"predecessor-version":[{"id":576,"href":"https:\/\/gokcenatmaca.com\/en\/wp-json\/wp\/v2\/pages\/11\/revisions\/576"}],"wp:attachment":[{"href":"https:\/\/gokcenatmaca.com\/en\/wp-json\/wp\/v2\/media?parent=11"}],"curies":[{"name":"wp","href":"https:\/\/api.w.org\/{rel}","templated":true}]}}