{"id":186,"date":"2019-06-27T15:48:11","date_gmt":"2019-06-27T12:48:11","guid":{"rendered":"http:\/\/oyund.com\/testga\/?page_id=186"},"modified":"2019-09-16T13:51:30","modified_gmt":"2019-09-16T10:51:30","slug":"main-back","status":"publish","type":"page","link":"https:\/\/gokcenatmaca.com\/en\/","title":{"rendered":"Anasayfa Back"},"content":{"rendered":"<section class=\"wpb_row vc_row-fluid full-height no-padding\"><div class=\"row\"><div class=\"wpb_column vc_column_container vc_col-sm-12\"><div class=\"vc_column-inner\"><div class=\"wpb_wrapper\"  >\t<!-- Element: OT Home Moving Background -->\n\t<div class=\"de-video-container full-height no-padding\">\n\t\t<div class=\"de-video-content\">\n\t\t\t<div class=\"text-center\">\n\n\t\t    \t\t\t\t        <div class=\"teaser-text\"  >\n\t\t\t            Gokcen Atmaca\t\t\t        <\/div>\n\t\t\t        <div class=\"spacer-single\"><\/div>\n\t\t        \t\n\n\t\t        <div class=\"text-slider style-2 border-deco\">\n\t\t            \t\t\t\t\t \n\t\t\t\t\t\t<div class=\"text-item\"  ><b>Architectural<\/b> Projeler<\/div>    \n\t\t\t\t\t\t\t\t\t\t \n\t\t\t\t\t\t<div class=\"text-item\"  ><b>Interior Design<\/b> Projeler<\/div>    \n\t\t\t\t\t\t\t\t\t\t \n\t\t\t\t\t\t<div class=\"text-item\"  ><b>Construction<\/b> App<\/div>    \n\t\t\t\t\t\t\t        <\/div>\n\n\t\t        \t\t        \t<div class=\"spacer-single\"><\/div>\n\t\t        \n\t\t        <a class=\"btn-slider\" href=\"https:\/\/gokcenatmaca.com\/en\/projects\/\" title=\"Our Portfolio\" target=\"_self\" >Our Portfolio<\/a>\t\t        \n\t\t    <\/div>\t\n\t\t<\/div>\t\t\t\n\t\t<div class=\"moving-home\" data-time=\"50\" style=\"background-image: url('https:\/\/gokcenatmaca.com\/wp-content\/uploads\/2019\/06\/back.png');\"><\/div>\t\t\t\t\n\t<\/div>\n\t\t\t\n<\/div><\/div><\/div><\/div><\/section><section class=\"wpb_row vc_row-fluid\"><div class=\"container\"><div class=\"row\"><div class=\"wpb_column vc_column_container vc_col-sm-12\"><div class=\"vc_column-inner\"><div class=\"wpb_wrapper\"  ><div class=\"vc_empty_space\"   style=\"height: 32px\"><span class=\"vc_empty_space_inner\"><\/span><\/div><!-- Element: OT Services Grid 3 -->\n<div class=\"row text-light\">\n\t\n\t\t<div class=\"col-md-4 text-middle\" data-wow-delay=\"1s\">\n            <div class=\"shadow-soft\" data-bgimage=\"url(https:\/\/gokcenatmaca.com\/wp-content\/uploads\/2019\/06\/ic-mimari.jpg)\">\n                <div class=\"padding50 overlay60\">\n                    <h3>Interior Architecture<\/h3>\n                \t<div class=\"service-excerpt\"><p>As Gokcen Atmaca Architecture, our fundamental principle is to determine what our\ncustomers need and like and to design the living spaces they want by considering interior design principles. There are three main factors that we adopt for interior design projects: FUNCTIONALITY,\nVISUALITY and UNIQUENESS.<\/p>\n<\/div>\n                \t                    \t<a href=\"https:\/\/gokcenatmaca.com\/en\/services\/interior-architecture-projects\/\" class=\"btn-line btn-fullwidth\">More Info<\/a>\n                                    <\/div>\n            <\/div>\n        <\/div>\n\t\t\t\n\t\t<div class=\"col-md-4 text-middle\" data-wow-delay=\"2s\">\n            <div class=\"shadow-soft\" data-bgimage=\"url(https:\/\/gokcenatmaca.com\/wp-content\/uploads\/2019\/06\/mimari.jpg)\">\n                <div class=\"padding50 overlay60\">\n                    <h3>Architectural Projects<\/h3>\n                \t<div class=\"service-excerpt\"><p>Architectural project is first of all a guide. All structures come to life with an architectural design. With this responsibility given by our profession, our primary goals are to create the right solutions for buildings, to follow the developments in architecture, to participate in the workshops and to present not only the structures of today<\/p>\n<\/div>\n                \t                    \t<a href=\"https:\/\/gokcenatmaca.com\/en\/services\/architectural-projects\/\" class=\"btn-line btn-fullwidth\">More Info<\/a>\n                                    <\/div>\n            <\/div>\n        <\/div>\n\t\t\t\n\t\t<div class=\"col-md-4 text-middle\" data-wow-delay=\"3s\">\n            <div class=\"shadow-soft\" data-bgimage=\"url(https:\/\/gokcenatmaca.com\/wp-content\/uploads\/2019\/06\/insaat-uygulama.jpg)\">\n                <div class=\"padding50 overlay60\">\n                    <h3>Construction App<\/h3>\n                \t<div class=\"service-excerpt\"><p>Our aim is to guarantee customer satisfaction with our efforts to relieve our customers\u2019 concerns about the budget, quality and time at the beginning with an elaborated design for turnkey applications. Before the implementation, first, we make the survey with our technical team in the application\narea.<\/p>\n<\/div>\n                \t                    \t<a href=\"https:\/\/gokcenatmaca.com\/en\/services\/construction-app\/\" class=\"btn-line btn-fullwidth\">More Info<\/a>\n                                    <\/div>\n            <\/div>\n        <\/div>\n\t\t<div class=\"spacer-single\"><\/div>\t\t\n<\/div>\t\n\n<\/div><\/div><\/div><\/div><\/div><\/section><section class=\"wpb_row vc_row-fluid\"><div class=\"container\"><div class=\"row\"><div class=\"wpb_column vc_column_container vc_col-sm-6\"><div class=\"vc_column-inner\"><div class=\"wpb_wrapper\"  >\n\t<div class=\"wpb_video_widget wpb_content_element vc_clearfix   vc_video-aspect-ratio-169 vc_video-el-width-100 vc_video-align-left\" >\n\t\t<div class=\"wpb_wrapper\">\n\t\t\t\n\t\t\t<div class=\"wpb_video_wrapper\"><iframe title=\"Hotel Design Show 2019- \u0130SVE\u00c7\" width=\"500\" height=\"281\" src=\"https:\/\/www.youtube.com\/embed\/PMIO7QdLHnQ?feature=oembed\" frameborder=\"0\" allow=\"accelerometer; autoplay; clipboard-write; encrypted-media; gyroscope; picture-in-picture\" allowfullscreen><\/iframe><\/div>\n\t\t<\/div>\n\t<\/div>\n<\/div><\/div><\/div><div class=\"wpb_column vc_column_container vc_col-sm-6\"><div class=\"vc_column-inner\"><div class=\"wpb_wrapper\"  >\n\t<div  class=\"wpb_single_image wpb_content_element vc_align_center\">\n\t\t\n\t\t<figure class=\"wpb_wrapper vc_figure\">\n\t\t\t<div class=\"vc_single_image-wrapper   vc_box_border_grey\"><img width=\"579\" height=\"321\" src=\"https:\/\/gokcenatmaca.com\/wp-content\/uploads\/2019\/09\/logo-slo.png\" class=\"vc_single_image-img attachment-full\" alt=\"\" loading=\"lazy\" srcset=\"https:\/\/gokcenatmaca.com\/wp-content\/uploads\/2019\/09\/logo-slo.png 579w, https:\/\/gokcenatmaca.com\/wp-content\/uploads\/2019\/09\/logo-slo-300x166.png 300w, https:\/\/gokcenatmaca.com\/wp-content\/uploads\/2019\/09\/logo-slo-540x300.png 540w\" sizes=\"(max-width: 579px) 100vw, 579px\" title=\"slogan\" \/><\/div>\n\t\t<\/figure>\n\t<\/div>\n<\/div><\/div><\/div><\/div><\/div><\/section>","protected":false},"excerpt":{"rendered":"Yap\u0131lar\u0131n anahtar teslim uygulamalar\u0131na detayl\u0131 projelendirme ile ba\u015flayarak, m\u00fc\u015fterilerimizin b\u00fct\u00e7e, kalite ve zaman kayg\u0131lar\u0131n\u0131 giderip, yapt\u0131\u011f\u0131m\u0131z \u00e7al\u0131\u015fma ile memnuniyeti y\u00fcksek, mutlu m\u00fc\u015fteriler olu\u015fturmay\u0131 hedefliyoruz. \u00c7al\u0131\u015fma \u00f6ncesi, ilk olarak uygulama alan\u0131nda teknik ekibimizle ke\u015fif yap\u0131yor, daha sonras\u0131nda haz\u0131rlam\u0131\u015f oldu\u011fumuz \u00f6n \u00e7al\u0131\u015fma ve teklif metnini m\u00fc\u015fterilerimize sunuyoruz. S\u00f6zle\u015fme imzalanmas\u0131yla birlikte \u00e7al\u0131\u015fmalar\u0131m\u0131za ba\u015fl\u0131yoruz. Uygulama \u00e7al\u0131\u015fmalar\u0131m\u0131z\u0131; mimar, i\u00e7 mimar, [...]","protected":false},"author":1,"featured_media":0,"parent":0,"menu_order":0,"comment_status":"closed","ping_status":"closed","template":"page-templates\/template-canvas.php","meta":[],"_links":{"self":[{"href":"https:\/\/gokcenatmaca.com\/en\/wp-json\/wp\/v2\/pages\/186"}],"collection":[{"href":"https:\/\/gokcenatmaca.com\/en\/wp-json\/wp\/v2\/pages"}],"about":[{"href":"https:\/\/gokcenatmaca.com\/en\/wp-json\/wp\/v2\/types\/page"}],"author":[{"embeddable":true,"href":"https:\/\/gokcenatmaca.com\/en\/wp-json\/wp\/v2\/users\/1"}],"replies":[{"embeddable":true,"href":"https:\/\/gokcenatmaca.com\/en\/wp-json\/wp\/v2\/comments?post=186"}],"version-history":[{"count":21,"href":"https:\/\/gokcenatmaca.com\/en\/wp-json\/wp\/v2\/pages\/186\/revisions"}],"predecessor-version":[{"id":662,"href":"https:\/\/gokcenatmaca.com\/en\/wp-json\/wp\/v2\/pages\/186\/revisions\/662"}],"wp:attachment":[{"href":"https:\/\/gokcenatmaca.com\/en\/wp-json\/wp\/v2\/media?parent=186"}],"curies":[{"name":"wp","href":"https:\/\/api.w.org\/{rel}","templated":true}]}}