{"id":23,"date":"2019-06-26T14:19:20","date_gmt":"2019-06-26T11:19:20","guid":{"rendered":"http:\/\/oyund.com\/testga\/?page_id=23"},"modified":"2019-09-16T13:50:25","modified_gmt":"2019-09-16T10:50:25","slug":"contact","status":"publish","type":"page","link":"https:\/\/gokcenatmaca.com\/en\/contact\/","title":{"rendered":"Contact"},"content":{"rendered":"<section class=\"wpb_row vc_row-fluid vc_custom_1438577278176 no-padding\"><div class=\"row\"><div class=\"wpb_column vc_column_container vc_col-sm-12\"><div class=\"vc_column-inner\"><div class=\"wpb_wrapper\"  ><\/div><\/div><\/div><\/div><\/section><section class=\"wpb_row vc_row-fluid vc_custom_1438577300524\"><div class=\"container\"><div class=\"row\"><div class=\"wpb_column vc_column_container vc_col-sm-8\"><div class=\"vc_column-inner\"><div class=\"wpb_wrapper\"  >\n\t<!-- Element: OT Heading --> \t \n\t<h3 class=\"ot_custom_heading\" style=\"\" >Contact Us<\/h3>\t\n<div class=\"vc_empty_space\"   style=\"height: 10px\"><span class=\"vc_empty_space_inner\"><\/span><\/div><div role=\"form\" class=\"wpcf7\" id=\"wpcf7-f5-o1\" lang=\"tr-TR\" dir=\"ltr\">\n<div class=\"screen-reader-response\"><p role=\"status\" aria-live=\"polite\" aria-atomic=\"true\"><\/p> <ul><\/ul><\/div>\n<form action=\"\/en\/wp-json\/wp\/v2\/pages\/23#wpcf7-f5-o1\" method=\"post\" class=\"wpcf7-form init\" novalidate=\"novalidate\" data-status=\"init\" data-trp-original-action=\"\/en\/wp-json\/wp\/v2\/pages\/23#wpcf7-f5-o1\">\n<div style=\"display: none;\">\n<input type=\"hidden\" name=\"_wpcf7\" value=\"5\" \/>\n<input type=\"hidden\" name=\"_wpcf7_version\" value=\"5.5.6\" \/>\n<input type=\"hidden\" name=\"_wpcf7_locale\" value=\"tr_TR\" \/>\n<input type=\"hidden\" name=\"_wpcf7_unit_tag\" value=\"wpcf7-f5-o1\" \/>\n<input type=\"hidden\" name=\"_wpcf7_container_post\" value=\"0\" \/>\n<input type=\"hidden\" name=\"_wpcf7_posted_data_hash\" value=\"\" \/>\n<\/div>\n<div class=\"row\">\n<div class=\"col-md-4\">\n<div><span class=\"wpcf7-form-control-wrap your-name\"><input type=\"text\" name=\"your-name\" value=\"\" size=\"40\" class=\"wpcf7-form-control wpcf7-text wpcf7-validates-as-required\" aria-required=\"true\" aria-invalid=\"false\" placeholder=\"Your Name\" \/><\/span> <\/div>\n<div><span class=\"wpcf7-form-control-wrap your-email\"><input type=\"email\" name=\"your-email\" value=\"\" size=\"40\" class=\"wpcf7-form-control wpcf7-text wpcf7-email wpcf7-validates-as-required wpcf7-validates-as-email\" aria-required=\"true\" aria-invalid=\"false\" placeholder=\"Your E-Mail\" \/><\/span> <\/div>\n<div><span class=\"wpcf7-form-control-wrap your-phone\"><input type=\"tel\" name=\"your-phone\" value=\"\" size=\"40\" class=\"wpcf7-form-control wpcf7-text wpcf7-tel wpcf7-validates-as-required wpcf7-validates-as-tel\" aria-required=\"true\" aria-invalid=\"false\" placeholder=\"Your Phone\" \/><\/span><\/div>\n<\/div>\n<div class=\"col-md-8\">\n<div><span class=\"wpcf7-form-control-wrap your-message\"><textarea name=\"your-message\" cols=\"40\" rows=\"10\" class=\"wpcf7-form-control wpcf7-textarea wpcf7-validates-as-required\" aria-required=\"true\" aria-invalid=\"false\" placeholder=\"Your Message\"><\/textarea><\/span><\/div>\n<\/div>\n<div class=\"col-md-12\">\n<p id=\"submit\"><input type=\"submit\" value=\"Send\" class=\"wpcf7-form-control has-spinner wpcf7-submit btn btn-line\" \/><\/p>\n<\/div>\n<\/div>\n<div class=\"wpcf7-response-output\" aria-hidden=\"true\"><\/div><input type=\"hidden\" name=\"trp-form-language\" value=\"en\"\/><\/form><\/div><\/div><\/div><\/div><div class=\"wpb_column vc_column_container vc_col-sm-4\"><div class=\"vc_column-inner\"><div class=\"wpb_wrapper\"  >\n\t<!-- Element: OT Heading --> \t \n\t<h3 class=\"ot_custom_heading\" style=\"\" >CONTACT INFO<\/h3>\t\n\n\t<div class=\"wpb_text_column wpb_content_element\" >\n\t\t<div class=\"wpb_wrapper\">\n\t\t\t<address>\n<div>\u00c7a\u011flayan Dist. Fener St. Mehmet Atmaca Building 54\/3 Muratpa\u015fa ANTALYA \/ TURKEY<\/div>\n<div><strong>Phone: <\/strong>0 242 324 84 04<\/div>\n<div><strong>Fax: <\/strong>0 242 324 84 05<\/div>\n<div><strong>Gsm: <\/strong>0 507 231 49 52<\/div>\n<div><strong>Email: <\/strong><a href=\"mailto:info@gokcenatmaca.com\">info@gokcenatmaca.com<\/a><\/div>\n<div><strong>Web: <\/strong><a href=\"\/en\/\">https:\/\/gokcenatmaca.com<\/a><\/div>\n<div><strong>Hours: <\/strong>Monday to Friday 08:00 \u2013 18:00<\/div>\n<\/address>\n\n\t\t<\/div>\n\t<\/div>\n<\/div><\/div><\/div><\/div><\/div><\/section>","protected":false},"excerpt":{"rendered":"\u0130LET\u0130\u015e\u0130ME GE\u00c7\u0130N \u0130LET\u0130\u015e\u0130M B\u0130LG\u0130LER\u0130 \u00c7a\u011flayan Mah. Fener Cad. Mehmet Atmaca Apt. 54\/3 Muratpa\u015fa ANTALYA Telefon: 0 242 324 84 04 Fax: 0 242 324 84 05 Gsm: 0 507 231 49 52 Eposta: info@gokcenatmaca.com Web: https:\/\/gokcenatmaca.com Saatler: Pazartesi - Cuma 08:00 - 18:00","protected":false},"author":1,"featured_media":0,"parent":0,"menu_order":0,"comment_status":"closed","ping_status":"closed","template":"page-templates\/template-fullwidth.php","meta":[],"_links":{"self":[{"href":"https:\/\/gokcenatmaca.com\/en\/wp-json\/wp\/v2\/pages\/23"}],"collection":[{"href":"https:\/\/gokcenatmaca.com\/en\/wp-json\/wp\/v2\/pages"}],"about":[{"href":"https:\/\/gokcenatmaca.com\/en\/wp-json\/wp\/v2\/types\/page"}],"author":[{"embeddable":true,"href":"https:\/\/gokcenatmaca.com\/en\/wp-json\/wp\/v2\/users\/1"}],"replies":[{"embeddable":true,"href":"https:\/\/gokcenatmaca.com\/en\/wp-json\/wp\/v2\/comments?post=23"}],"version-history":[{"count":8,"href":"https:\/\/gokcenatmaca.com\/en\/wp-json\/wp\/v2\/pages\/23\/revisions"}],"predecessor-version":[{"id":631,"href":"https:\/\/gokcenatmaca.com\/en\/wp-json\/wp\/v2\/pages\/23\/revisions\/631"}],"wp:attachment":[{"href":"https:\/\/gokcenatmaca.com\/en\/wp-json\/wp\/v2\/media?parent=23"}],"curies":[{"name":"wp","href":"https:\/\/api.w.org\/{rel}","templated":true}]}}